{"id":15,"date":"2021-01-05T13:57:16","date_gmt":"2021-01-05T13:57:16","guid":{"rendered":"http:\/\/rot-wild.braumi.at\/?page_id=15"},"modified":"2021-01-05T14:26:24","modified_gmt":"2021-01-05T14:26:24","slug":"gestalte-deine-website-mit-bloecken","status":"publish","type":"page","link":"https:\/\/rot-wild.braumi.at\/","title":{"rendered":"Mein Rot-Hirsch in schwarz"},"content":{"rendered":"\n<h2 class=\"alignwide has-text-align-left has-text-align-wide has-green-background-color has-background wp-block-heading\" style=\"font-size:120px;line-height:1.1\">Mein RT 750<\/h2>\n\n\n\n<div style=\"height:100px\" aria-hidden=\"true\" class=\"wp-block-spacer\"><\/div>\n\n\n\n<div class=\"wp-block-columns alignwide are-vertically-aligned-center is-style-twentytwentyone-columns-overlap is-layout-flex wp-container-core-columns-is-layout-9d6595d7 wp-block-columns-is-layout-flex\">\n<div class=\"wp-block-column is-vertically-aligned-center is-layout-flow wp-block-column-is-layout-flow\">\n<figure class=\"wp-block-image alignfull size-large\"><img loading=\"lazy\" decoding=\"async\" width=\"768\" height=\"1024\" src=\"https:\/\/rot-wild.braumi.at\/wp-content\/uploads\/2021\/01\/IMG_20200422_154135-768x1024.jpg\" alt=\"Mein Rot-Hirsch\" class=\"wp-image-33\" srcset=\"https:\/\/rot-wild.braumi.at\/wp-content\/uploads\/2021\/01\/IMG_20200422_154135-768x1024.jpg 768w, https:\/\/rot-wild.braumi.at\/wp-content\/uploads\/2021\/01\/IMG_20200422_154135-225x300.jpg 225w, https:\/\/rot-wild.braumi.at\/wp-content\/uploads\/2021\/01\/IMG_20200422_154135-1152x1536.jpg 1152w, https:\/\/rot-wild.braumi.at\/wp-content\/uploads\/2021\/01\/IMG_20200422_154135-1536x2048.jpg 1536w, https:\/\/rot-wild.braumi.at\/wp-content\/uploads\/2021\/01\/IMG_20200422_154135-1568x2091.jpg 1568w, https:\/\/rot-wild.braumi.at\/wp-content\/uploads\/2021\/01\/IMG_20200422_154135-scaled.jpg 1920w\" sizes=\"auto, (max-width: 768px) 100vw, 768px\" \/><figcaption>RT 750 &#8211; St\u00e4nder serienm\u00e4\u00dfig<\/figcaption><\/figure>\n\n\n\n<div style=\"height:100px\" aria-hidden=\"true\" class=\"wp-block-spacer\"><\/div>\n\n\n\n<figure class=\"wp-block-image alignfull size-large is-style-twentytwentyone-image-frame\"><img decoding=\"async\" src=\"http:\/\/rot-wild.braumi.at\/wp-content\/themes\/twentytwentyone\/assets\/images\/in-the-bois-de-boulogne.jpg\" alt=\"\u201eIm Bois de Boulogne\u201c von Berthe Morisot\"\/><\/figure>\n<\/div>\n\n\n\n<div class=\"wp-block-column is-vertically-aligned-center is-layout-flow wp-block-column-is-layout-flow\">\n<div style=\"height:100px\" aria-hidden=\"true\" class=\"wp-block-spacer\"><\/div>\n\n\n\n<figure class=\"wp-block-image size-large alignfull size-full is-style-twentytwentyone-border\"><img loading=\"lazy\" decoding=\"async\" width=\"768\" height=\"1024\" src=\"https:\/\/rot-wild.braumi.at\/wp-content\/uploads\/2021\/01\/IMG_20200422_154142-768x1024.jpg\" alt=\"\" class=\"wp-image-35\" srcset=\"https:\/\/rot-wild.braumi.at\/wp-content\/uploads\/2021\/01\/IMG_20200422_154142-768x1024.jpg 768w, https:\/\/rot-wild.braumi.at\/wp-content\/uploads\/2021\/01\/IMG_20200422_154142-225x300.jpg 225w, https:\/\/rot-wild.braumi.at\/wp-content\/uploads\/2021\/01\/IMG_20200422_154142-1152x1536.jpg 1152w, https:\/\/rot-wild.braumi.at\/wp-content\/uploads\/2021\/01\/IMG_20200422_154142-1536x2048.jpg 1536w, https:\/\/rot-wild.braumi.at\/wp-content\/uploads\/2021\/01\/IMG_20200422_154142-1568x2091.jpg 1568w, https:\/\/rot-wild.braumi.at\/wp-content\/uploads\/2021\/01\/IMG_20200422_154142-scaled.jpg 1920w\" sizes=\"auto, (max-width: 768px) 100vw, 768px\" \/><\/figure>\n<\/div>\n<\/div>\n\n\n\n<div style=\"height:50px\" aria-hidden=\"true\" class=\"wp-block-spacer\"><\/div>\n\n\n\n<div class=\"wp-block-columns alignwide are-vertically-aligned-top is-layout-flex wp-container-core-columns-is-layout-9d6595d7 wp-block-columns-is-layout-flex\">\n<div class=\"wp-block-column is-vertically-aligned-top is-layout-flow wp-block-column-is-layout-flow\">\n<h3 class=\"wp-block-heading\">F\u00fcge Block-Vorlagen ein<\/h3>\n\n\n\n<p>Block-Vorlagen sind vorgefertigte Gruppen von Bl\u00f6cken. Um eine solche Vorlage hinzuzuf\u00fcgen, w\u00e4hle die Schaltfl\u00e4che Block hinzuf\u00fcgen [+] in der Symbolleiste oben im Editor. Wechsle zur Registerkarte \u201eVorlagen\u201c unter der Suchleiste, und w\u00e4hle eine Mustervorlage aus.<\/p>\n<\/div>\n\n\n\n<div class=\"wp-block-column is-vertically-aligned-top is-layout-flow wp-block-column-is-layout-flow\">\n<h3 class=\"wp-block-heading\">Rahme deine Bilder<\/h3>\n\n\n\n<p>Twenty Twenty-One enth\u00e4lt stilvolle Umrandungen f\u00fcr Ihren Inhalt. Wenn ein Bildblock ausgew\u00e4hlt ist, \u00f6ffne den Bereich \u201eStile\u201c in der Seitenleiste des Editors. W\u00e4hle den Blockstil \u201eRahmen\u201c zum Aktivieren.<\/p>\n<\/div>\n\n\n\n<div class=\"wp-block-column is-vertically-aligned-top is-layout-flow wp-block-column-is-layout-flow\">\n<h3 class=\"wp-block-heading\">\u00dcberlappe Spalten<\/h3>\n\n\n\n<p>Twenty Twenty-One enth\u00e4lt auch einen \u00dcberlappungsstil f\u00fcr Spaltenbl\u00f6cke. Wenn ein Spaltenblock ausgew\u00e4hlt ist, \u00f6ffne den Bereich \u201eStile\u201c in der Seitenleiste des Editors. W\u00e4hle den Blockstil \u201e\u00dcberlappung\u201c, um diesen auszuprobieren.<\/p>\n<\/div>\n<\/div>\n\n\n\n<div style=\"height:100px\" aria-hidden=\"true\" class=\"wp-block-spacer\"><\/div>\n\n\n\n<div class=\"wp-block-cover alignwide has-green-background-color has-background-dim is-style-twentytwentyone-border\"><div class=\"wp-block-cover__inner-container is-layout-flow wp-block-cover-is-layout-flow\">\n<div style=\"height:20px\" aria-hidden=\"true\" class=\"wp-block-spacer\"><\/div>\n\n\n\n<p class=\"has-huge-font-size\">Brauchst du Hilfe?<\/p>\n\n\n\n<div style=\"height:75px\" aria-hidden=\"true\" class=\"wp-block-spacer\"><\/div>\n\n\n\n<div class=\"wp-block-columns is-layout-flex wp-container-core-columns-is-layout-9d6595d7 wp-block-columns-is-layout-flex\">\n<div class=\"wp-block-column is-layout-flow wp-block-column-is-layout-flow\">\n<p><a href=\"https:\/\/wordpress.org\/support\/article\/twenty-twenty-one\/\">Lies die Theme-Dokumentation<\/a><\/p>\n<\/div>\n\n\n\n<div class=\"wp-block-column is-layout-flow wp-block-column-is-layout-flow\">\n<p><a href=\"https:\/\/wordpress.org\/support\/theme\/twentytwentyone\/\">Besuche die Support-Foren<\/a><\/p>\n<\/div>\n<\/div>\n\n\n\n<div style=\"height:20px\" aria-hidden=\"true\" class=\"wp-block-spacer\"><\/div>\n<\/div><\/div>\n","protected":false},"excerpt":{"rendered":"<p>Mein RT 750 F\u00fcge Block-Vorlagen ein Block-Vorlagen sind vorgefertigte Gruppen von Bl\u00f6cken. Um eine solche Vorlage hinzuzuf\u00fcgen, w\u00e4hle die Schaltfl\u00e4che Block hinzuf\u00fcgen [+] in der Symbolleiste oben im Editor. Wechsle zur Registerkarte \u201eVorlagen\u201c unter der Suchleiste, und w\u00e4hle eine Mustervorlage aus. Rahme deine Bilder Twenty Twenty-One enth\u00e4lt stilvolle Umrandungen f\u00fcr Ihren Inhalt. Wenn ein Bildblock&hellip; <a class=\"more-link\" href=\"https:\/\/rot-wild.braumi.at\/\"><span class=\"screen-reader-text\">Mein Rot-Hirsch in schwarz<\/span> weiterlesen<\/a><\/p>\n","protected":false},"author":1,"featured_media":0,"parent":0,"menu_order":0,"comment_status":"closed","ping_status":"closed","template":"","meta":{"footnotes":""},"class_list":["post-15","page","type-page","status-publish","hentry","entry"],"_links":{"self":[{"href":"https:\/\/rot-wild.braumi.at\/index.php?rest_route=\/wp\/v2\/pages\/15","targetHints":{"allow":["GET"]}}],"collection":[{"href":"https:\/\/rot-wild.braumi.at\/index.php?rest_route=\/wp\/v2\/pages"}],"about":[{"href":"https:\/\/rot-wild.braumi.at\/index.php?rest_route=\/wp\/v2\/types\/page"}],"author":[{"embeddable":true,"href":"https:\/\/rot-wild.braumi.at\/index.php?rest_route=\/wp\/v2\/users\/1"}],"replies":[{"embeddable":true,"href":"https:\/\/rot-wild.braumi.at\/index.php?rest_route=%2Fwp%2Fv2%2Fcomments&post=15"}],"version-history":[{"count":8,"href":"https:\/\/rot-wild.braumi.at\/index.php?rest_route=\/wp\/v2\/pages\/15\/revisions"}],"predecessor-version":[{"id":41,"href":"https:\/\/rot-wild.braumi.at\/index.php?rest_route=\/wp\/v2\/pages\/15\/revisions\/41"}],"wp:attachment":[{"href":"https:\/\/rot-wild.braumi.at\/index.php?rest_route=%2Fwp%2Fv2%2Fmedia&parent=15"}],"curies":[{"name":"wp","href":"https:\/\/api.w.org\/{rel}","templated":true}]}}